{"id":6505,"date":"2025-06-18T13:20:32","date_gmt":"2025-06-18T11:20:32","guid":{"rendered":"https:\/\/citadel-music-festival.de\/?page_id=6505"},"modified":"2025-07-30T17:28:53","modified_gmt":"2025-07-30T15:28:53","slug":"accessibility","status":"publish","type":"page","link":"https:\/\/citadel-music-festival.de\/en\/accessibility","title":{"rendered":"Barrierefreiheit"},"content":{"rendered":"<div class=\"gb-container gb-container-303e3135\">\n<div class=\"gb-container gb-container-10e5ce8d accessibility-menu\" id=\"accessibility-menu\">\n\n<h2 class=\"gb-headline gb-headline-7411203d gb-headline-text\">Themen\u00fcbersicht:<\/h2>\n\n\n\n<a class=\"gb-button gb-button-0dee0452 gb-button-text smooth-scroll\" href=\"#entrance\">Ticketing und Einlass<\/a>\n\n\n\n<a class=\"gb-button gb-button-b17b50ec gb-button-text smooth-scroll\" href=\"#baggage\">Mitf\u00fchren von Taschen und Rucks\u00e4cken<\/a>\n\n\n\n<a class=\"gb-button gb-button-751bb32e gb-button-text smooth-scroll\" href=\"#medications\">Mitnahme von Medikamenten<\/a>\n\n\n\n<a class=\"gb-button gb-button-d49077f1 gb-button-text smooth-scroll\" href=\"#assistance\">Mitnahme von Assistenzhunden<\/a>\n\n\n\n<a class=\"gb-button gb-button-7591b3d4 gb-button-text smooth-scroll\" href=\"#arrival\">Anreise<\/a>\n\n\n\n<a class=\"gb-button gb-button-b5a3f4d2 gb-button-text smooth-scroll\" href=\"#accessibility\">Zug\u00e4nglichkeit und Bodenbeschaffenheit<\/a>\n\n\n\n<a class=\"gb-button gb-button-490b1729 gb-button-text smooth-scroll\" href=\"#podium\">Rollstuhlpodest<\/a>\n\n\n\n<a class=\"gb-button gb-button-51ce145f gb-button-text smooth-scroll\" href=\"#ambulance\">Sanit\u00e4tsdienst<\/a>\n\n<\/div>\n\n<div class=\"gb-container gb-container-9730e1ab\">\n<div class=\"gb-container gb-container-969a4c7f\" id=\"lead\">\n\n<p>Damit m\u00f6glichst viele Menschen die Konzerte des Citadel Music Festival genie\u00dfen k\u00f6nnen, m\u00f6chten wir das <strong>Festivalgel\u00e4nde barriere\u00e4rmer gestalten<\/strong>. Gemeinsam mit Fachleuten und unter Einbeziehung von Konzertbesucher*innen mit Behinderungen arbeiten wir daran, unser Angebot Schritt f\u00fcr Schritt zu verbessern.<\/p>\n\n\n\n<p>Bitte beachten Sie: Die <strong>Zitadelle Spandau ist ein denkmalgesch\u00fctztes Geb\u00e4ude und Gel\u00e4nde<\/strong>, weshalb bauliche Ver\u00e4nderungen zur Verbesserung der Barrierefreiheit nur sehr eingeschr\u00e4nkt m\u00f6glich sind.<\/p>\n\n\n\n<p>Wir m\u00f6chten unser Angebot kontinuierlich verbessern und weiterentwickeln, um bestehende Barrieren abzubauen und mehr Teilhabe zu erm\u00f6glichen. Deshalb freuen wir uns \u00fcber Ihre Hinweise, sowohl im Vorfeld als auch nach Ihrem Besuch. Schreiben Sie uns gerne eine E-Mail an: <u><a href=\"mailto:barrierefreiheit@citadel-music-festival.de\">barrierefreiheit@citadel-music-festival.de<\/a><\/u><\/p>\n\n\n\n<p>Nachfolgend finden Sie eine \u00dcbersicht \u00fcber die bereits vorhandenen <strong>Assistenz- und Unterst\u00fctzungsangebote<\/strong>. Sollten Sie dar\u00fcber hinaus individuelle Unterst\u00fctzung ben\u00f6tigen, melden Sie sich bitte ebenfalls per E-Mail \u2013 wir versuchen, gemeinsam eine L\u00f6sung zu finden.<\/p>\n\n<\/div>\n\n<div class=\"gb-container gb-container-b801cd9c\" id=\"entrance\">\n\n<h2 class=\"gb-headline gb-headline-b4ec2592 gb-headline-text\">Ticketing und Einlass<\/h2>\n\n\n\n<p>Auf dem Gel\u00e4nde steht ein Rollstuhlpodest zur Verf\u00fcgung. Da die Anzahl der Pl\u00e4tze begrenzt ist, empfehlen wir eine fr\u00fchzeitige Buchung. Tickets daf\u00fcr sind zum Beispiel \u00fcber <u><a aria-label=\"Link zu Online Ticket Shop von KOKA36\" href=\"https:\/\/www.koka36.de\/\" target=\"_blank\" rel=\"noreferrer noopener\">KOKA36<\/a><\/u> oder an allen Theaterkassen erh\u00e4ltlich. Voraussetzung ist, dass in Ihrem Schwerbehindertenausweis das Merkzeichen \u201eB\u201c eingetragen ist.<\/p>\n\n\n\n<p>Bitte halten Sie beim Einlass Ihren g\u00fcltigen Schwerbehindertenausweis bereit.<\/p>\n\n\n\n<h3 class=\"wp-block-heading\">Bevorzugter Einlass f\u00fcr Menschen mit Behinderungen<\/h3>\n\n\n\n<p>Wir m\u00f6chten Konzertbesucher*innen mit sichtbaren und unsichtbaren Behinderungen \u2013 z.\u202fB. chronischen Erkrankungen \u2013 einen bevorzugten Einlass erm\u00f6glichen. Dieser soll dabei helfen, mehr Zeit zur Orientierung zu haben oder vorab Sanit\u00e4ranlagen aufzusuchen.<\/p>\n\n\n\n<h4 class=\"gb-headline gb-headline-e35d981a gb-headline-text\"><strong>Wer kann den bevorzugten Einlass nutzen?<\/strong><\/h4>\n\n\n<div class=\"gb-container gb-container-dc8d5c51\">\n<div class=\"gb-container gb-container-e010ae7f\">\n\n<p class=\"gb-headline gb-headline-61a088de gb-headline-text\">Personen mit einem <strong>Schwerbehindertenausweis<\/strong> (z.\u202fB. mit Merkzeichen \u201eB\u201c)<\/p>\n\n<\/div>\n\n<div class=\"gb-container gb-container-0b8665a9\">\n\n<p class=\"gb-headline gb-headline-f173cac7 gb-headline-text\">Personen mit einem <strong>medizinischen Nachweis<\/strong>, etwa einem \u201eCrohn &amp; Colitis Notfallausweis\u201c oder einem \u00e4rztlichen Attest<\/p>\n\n<\/div>\n\n<div class=\"gb-container gb-container-5da42e39\">\n\n<p class=\"gb-headline gb-headline-3b789c40 gb-headline-text\">Auch Personen mit <strong>tempor\u00e4ren Mobilit\u00e4tseinschr\u00e4nkungen<\/strong> \u2013 z.\u202fB. nach einem Beinbruch \u2013 k\u00f6nnen diesen Zugang nutzen. Bitte sprechen Sie in dem Fall direkt unser Sicherheitspersonal am Einlass an.<\/p>\n\n<\/div>\n<\/div>\n\n\n<p>Die Mitnahme <em><strong>einer<\/strong><\/em> Begleitperson mit g\u00fcltigem Ticket \u00fcber den bevorzugten Eingang ist m\u00f6glich.<\/p>\n\n\n\n<p>F\u00fcr den bevorzugten Einlass nutzen Sie bitte den rechten Zugang an der Zitadellbr\u00fccke. Dort befinden sich:<\/p>\n\n\n\n<ul class=\"wp-block-list\">\n<li>Links: der regul\u00e4re Einlass f\u00fcr alle Besucher*innen<\/li>\n\n\n\n<li>Rechts: der Zugang f\u00fcr Presse, G\u00e4steliste sowie Besucher*innen mit Mobilit\u00e4tseinschr\u00e4nkungen<\/li>\n<\/ul>\n\n\n\n<p>Unser Sicherheitspersonal unterst\u00fctzt Sie dort gerne.<\/p>\n\n\n\n<p>Alle weiteren Konzertbesucher*innen bitten wir, den regul\u00e4ren Einlass auf der linken Seite zu nutzen. Vielen Dank f\u00fcr Ihr Verst\u00e4ndnis!<br>Weitere Informationen zum Einlass finden Sie auf dieser Seite: <u><a aria-label=\"Link zu Einlassinformationen\" href=\"\/en\/doors\/\">Admission information<\/a><\/u><\/p>\n\n<\/div>\n\n<div class=\"gb-container gb-container-7690786f\" id=\"baggage\">\n\n<h2 class=\"gb-headline gb-headline-e254fa03 gb-headline-text\">Mitf\u00fchren von Taschen und Rucks\u00e4cken<\/h2>\n\n\n\n<p>For safety reasons, it is not permitted to carry bags and rucksacks that exceed the format <strong>A4 (21 cm x 29,7cm)<\/strong> are not permitted. Therefore, please refrain from taking large items of luggage with you.<\/p>\n\n\n\n<p><strong>Ausnahme bei medizinischem Bedarf:<\/strong> Sollten Sie auf bestimmte Hygieneartikel, Medikamente oder Hilfsmittel angewiesen sein, d\u00fcrfen Sie selbstverst\u00e4ndlich eine entsprechende Tasche mitf\u00fchren. Bitte weisen Sie den medizinischen Bedarf bei der Einlasskontrolle kurz nach.<\/p>\n\n<\/div>\n\n<div class=\"gb-container gb-container-1a468e82\" id=\"medications\">\n\n<h2 class=\"gb-headline gb-headline-5b1353d7 gb-headline-text\">Mitnahme von Medikamenten<\/h2>\n\n\n\n<p>F\u00fcr die Mitnahme von verschreibungspflichtigen Medikamenten ist ein \u00e4rztlicher Nachweis erforderlich. Bitte halten Sie diesen beim Einlass bereit.<\/p>\n\n<\/div>\n\n<div class=\"gb-container gb-container-54ad2fc5\" id=\"assistance\">\n\n<h2 class=\"gb-headline gb-headline-88e4c1b7 gb-headline-text\">Mitnahme von Assistenzhunden<\/h2>\n\n\n\n<p>Wir m\u00f6chten die Mitnahme von <strong>Assistenzhunden<\/strong> (z.\u202fB. Blindenf\u00fchrhunde, Signalhunde, PTBS-Begleithunde) grunds\u00e4tzlich erm\u00f6glichen. Da jedoch bei den Konzerten mit einer sehr hoher Lautst\u00e4rke zu rechnen ist, kann dies bei Tieren zu Stress, Reiz\u00fcberflutung oder gesundheitlichen Problemen f\u00fchren. Aus R\u00fccksicht und zum Schutz des Tieres ist die Mitnahme daher nur nach vorheriger R\u00fccksprache m\u00f6glich.<br>Bitte kontaktieren Sie uns vorab per E-Mail unter: <a href=\"mailto:barrierefreiheit@citadel-music-festival.de\">barrierefreiheit@citadel-music-festival.de<\/a><\/p>\n\n\n\n<p>Wir besprechen dann gemeinsam, ob und wie die Teilnahme f\u00fcr Sie und Ihren Hund sicher umsetzbar ist.<\/p>\n\n<\/div>\n\n<div class=\"gb-container gb-container-6b79d83a\" id=\"arrival\">\n\n<h2 class=\"gb-headline gb-headline-b52f78d8 gb-headline-text\">Anreise<\/h2>\n\n\n\n<h3 class=\"wp-block-heading\">Anreise mit dem \u00f6ffentlichen Nahverkehr (\u00d6PNV)<\/h3>\n\n\n\n<p>Allgemeine Fahrplanausk\u00fcnfte finden Sie auf folgenden Webseiten: <a href=\"https:\/\/bvg.de\" target=\"_blank\" rel=\"noreferrer noopener\">bvg.de<\/a>, <a href=\"https:\/\/vbb.de\" target=\"_blank\" rel=\"noreferrer noopener\">vbb.de<\/a>, <a href=\"https:\/\/bahn.de\" target=\"_blank\" rel=\"noreferrer noopener\">bahn.de<\/a><\/p>\n\n\n\n<h4 class=\"gb-headline gb-headline-ac737e00 gb-headline-text\">Haltestellen in der N\u00e4he der Zitadelle Spandau:<\/h4>\n\n\n<div class=\"gb-container gb-container-793e5595\">\n<div class=\"gb-container gb-container-ade32cf9\">\n\n<p class=\"gb-headline gb-headline-fbac07ad gb-headline-text\"><strong>S-Bahn \/ Regionalbahn<\/strong><br>Bahnhof Spandau (Linien S3, S9, RE2, RE6, RE8), ca. 1.200 m zur Zitadelle Spandau (Aufz\u00fcge vorhanden)<\/p>\n\n<\/div>\n\n<div class=\"gb-container gb-container-391d6812\">\n\n<p class=\"gb-headline gb-headline-bdd98bae gb-headline-text\"><strong>U-Bahn<\/strong><br>Station Zitadelle (Linie U7), ca. 300 m zur Zitadelle Spandau (Aufzug vorhanden)<\/p>\n\n<\/div>\n\n<div class=\"gb-container gb-container-1aab960a\">\n\n<p class=\"gb-headline gb-headline-b5c700f4 gb-headline-text\"><strong>Bus<\/strong><br>Haltestelle Zitadelle (Buslinie X33), direkt am Eingang der Zitadelle Spandau<\/p>\n\n<\/div>\n<\/div>\n\n\n<h3 class=\"wp-block-heading\">Parkm\u00f6glichkeiten und Behindertenparkpl\u00e4tze<\/h3>\n\n\n\n<p>Wir empfehlen die Anreise mit \u00f6ffentlichen Verkehrsmitteln, da im direkten Umfeld der Zitadelle nur begrenzt Parkpl\u00e4tze zur Verf\u00fcgung stehen.<br>F\u00fcr Besucher*innen mit Behinderung stehen vier ausgewiesene Behindertenparkpl\u00e4tze im Zitadellenweg (hinter dem Autohaus) zur Verf\u00fcgung \u2013 nur wenige Meter vom Eingang entfernt.<br>Sollten diese belegt sein, finden Sie weitere \u00f6ffentliche Parkm\u00f6glichkeiten in der Umgebung: www.spandau-tourist-info.de\/parkplaetze-in-spandau<\/p>\n\n<\/div>\n\n<div class=\"gb-container gb-container-f5a77cf1\" id=\"accessibility\">\n\n<h2 class=\"gb-headline gb-headline-101478c1 gb-headline-text\">Zug\u00e4nglichkeit und Bodenbeschaffenheit<\/h2>\n\n\n\n<p>Das Citadel Music Festival findet auf dem Gel\u00e4nde der Zitadelle Spandau statt \u2013 einem historischen, denkmalgesch\u00fctzten Ort.<\/p>\n\n\n\n<p>Damit Sie sich gut orientieren k\u00f6nnen, finden Sie hier einige Hinweise zur Bodenbeschaffenheit und Wegef\u00fchrung auf dem Gel\u00e4nde:<\/p>\n\n\n\n<ul class=\"wp-block-list\">\n<li><strong>Zugang:<\/strong> Das Festivalgel\u00e4nde ist stufenlos zug\u00e4nglich. Auf einigen Fu\u00dfwegen befinden sich Abs\u00e4tze von bis zu 12\u202fcm H\u00f6he. H\u00f6here Stufen oder Treppen gibt es nicht.<\/li>\n\n\n\n<li><strong>Wegebelag:<\/strong> Teile des Gel\u00e4ndes sind mit unebenem Kopfsteinpflaster versehen. Die Hauptfl\u00e4che im Innenbereich, auf der die Konzerte stattfinden, ist mit Basaltsplitt bedeckt. Dieser bietet eine weitgehend ebene, rutschfeste Fl\u00e4che, die auch mit Rollst\u00fchlen gut befahrbar ist.<\/li>\n\n\n\n<li><strong>Kabelbr\u00fccken:<\/strong> An einigen Stellen f\u00fchren Kabelbr\u00fccken \u00fcber die Wege. Sie dienen der sicheren \u00dcberquerung von Stromleitungen und sind so gestaltet, dass sie sowohl begeh- als auch befahrbar sind.<\/li>\n<\/ul>\n\n\n<div class=\"gb-container gb-container-c7cc81c5\" id=\"podium\">\n\n<h2 class=\"gb-headline gb-headline-a7aa58cc gb-headline-text\">Rollstuhlpodest<\/h2>\n\n\n\n<p>F\u00fcr Rollstuhlnutzende und Menschen mit Mobilit\u00e4tseinschr\u00e4nkungen steht ein erh\u00f6htes Podest mit zentraler Sicht auf die B\u00fchne zur Verf\u00fcgung.<\/p>\n\n\n\n<p>Der Zugang erfolgt \u00fcber eine Rampe mit einer Steigung von 7\u202fGrad. Aus Platzgr\u00fcnden ist pro Person auf dem Podest die Mitnahme einer Begleitperson m\u00f6glich. Das Podest ist durch eine geschulte Sicherheitskraft besetzt. Sie steht f\u00fcr Fragen und Unterst\u00fctzung zur Verf\u00fcgung.<\/p>\n\n\n\n<p>Direkt am Rollstuhlpodest befindet sich ein rollstuhlgeeignetes WC.<\/p>\n\n<\/div>\n<\/div>\n\n<div class=\"gb-container gb-container-9bd1766b\" id=\"ambulance\">\n\n<h2 class=\"gb-headline gb-headline-41d89c9d gb-headline-text\">Sanit\u00e4tsdienst<\/h2>\n\n\n\n<p>Ab Beginn des Einlasses und bis alle G\u00e4ste das Gel\u00e4nder verlassen haben, ist ein professioneller Sanit\u00e4tsdienst auf dem Gel\u00e4nde pr\u00e4sent. Die Sanit\u00e4ter*innen stehen f\u00fcr medizinische Notf\u00e4lle oder gesundheitliche Beschwerden zur Verf\u00fcgung und k\u00f6nnen bei Bedarf schnell helfen.<\/p>\n\n\n\n<p>Bei akuten Beschwerden oder wenn Unterst\u00fctzung ben\u00f6tigt wird, wenden Sie sich bitte an das das Sicherheitspersonal \u2013 sie stellen den Kontakt zum Sanit\u00e4tsdienst her oder begleiten dorthin.<\/p>\n\n<\/div>\n<\/div>\n<\/div>","protected":false},"excerpt":{"rendered":"<p>Themen\u00fcbersicht: Damit m\u00f6glichst viele Menschen die Konzerte des Citadel Music Festival genie\u00dfen k\u00f6nnen, m\u00f6chten wir das Festivalgel\u00e4nde barriere\u00e4rmer gestalten. Gemeinsam mit Fachleuten und unter Einbeziehung von Konzertbesucher*innen mit Behinderungen arbeiten wir daran, unser Angebot Schritt f\u00fcr Schritt zu verbessern. Bitte beachten Sie: Die Zitadelle Spandau ist ein denkmalgesch\u00fctztes Geb\u00e4ude und Gel\u00e4nde, weshalb bauliche Ver\u00e4nderungen zur &#8230; <\/p>\n<p class=\"read-more-container\"><a title=\"Barrierefreiheit\" class=\"read-more button\" href=\"https:\/\/citadel-music-festival.de\/en\/accessibility#more-6505\" aria-label=\"Read more about Barrierefreiheit\">Read more<\/a><\/p>","protected":false},"author":4,"featured_media":0,"parent":0,"menu_order":0,"comment_status":"closed","ping_status":"closed","template":"","meta":{"_acf_changed":false,"footnotes":""},"class_list":["post-6505","page","type-page","status-publish"],"acf":[],"yoast_head":"<!-- This site is optimized with the Yoast SEO plugin v27.3 - https:\/\/yoast.com\/product\/yoast-seo-wordpress\/ -->\n<title>Barrierefreiheit - Citadel Music Festival<\/title>\n<meta name=\"robots\" content=\"index, follow, max-snippet:-1, max-image-preview:large, max-video-preview:-1\" \/>\n<link rel=\"canonical\" href=\"https:\/\/citadel-music-festival.de\/en\/accessibility\/\" \/>\n<meta property=\"og:locale\" content=\"en_GB\" \/>\n<meta property=\"og:type\" content=\"article\" \/>\n<meta property=\"og:title\" content=\"Barrierefreiheit - Citadel Music Festival\" \/>\n<meta property=\"og:description\" content=\"Themen\u00fcbersicht: Damit m\u00f6glichst viele Menschen die Konzerte des Citadel Music Festival genie\u00dfen k\u00f6nnen, m\u00f6chten wir das Festivalgel\u00e4nde barriere\u00e4rmer gestalten. Gemeinsam mit Fachleuten und unter Einbeziehung von Konzertbesucher*innen mit Behinderungen arbeiten wir daran, unser Angebot Schritt f\u00fcr Schritt zu verbessern. Bitte beachten Sie: Die Zitadelle Spandau ist ein denkmalgesch\u00fctztes Geb\u00e4ude und Gel\u00e4nde, weshalb bauliche Ver\u00e4nderungen zur ... Read more\" \/>\n<meta property=\"og:url\" content=\"https:\/\/citadel-music-festival.de\/en\/accessibility\/\" \/>\n<meta property=\"og:site_name\" content=\"Citadel Music Festival\" \/>\n<meta property=\"article:publisher\" content=\"https:\/\/www.facebook.com\/citadelmusicfestival\/\" \/>\n<meta property=\"article:modified_time\" content=\"2025-07-30T15:28:53+00:00\" \/>\n<meta property=\"og:image\" content=\"https:\/\/citadel-music-festival.de\/wp-content\/uploads\/2023\/03\/hero.jpg\" \/>\n\t<meta property=\"og:image:width\" content=\"1920\" \/>\n\t<meta property=\"og:image:height\" content=\"1080\" \/>\n\t<meta property=\"og:image:type\" content=\"image\/jpeg\" \/>\n<meta name=\"twitter:card\" content=\"summary_large_image\" \/>\n<meta name=\"twitter:site\" content=\"@citadelmusic\" \/>\n<meta name=\"twitter:label1\" content=\"Estimated reading time\" \/>\n\t<meta name=\"twitter:data1\" content=\"6 minutes\" \/>\n<script type=\"application\/ld+json\" class=\"yoast-schema-graph\">{\"@context\":\"https:\\\/\\\/schema.org\",\"@graph\":[{\"@type\":\"WebPage\",\"@id\":\"https:\\\/\\\/citadel-music-festival.de\\\/accessibility\",\"url\":\"https:\\\/\\\/citadel-music-festival.de\\\/accessibility\",\"name\":\"Barrierefreiheit - Citadel Music Festival\",\"isPartOf\":{\"@id\":\"https:\\\/\\\/citadel-music-festival.de\\\/#website\"},\"datePublished\":\"2025-06-18T11:20:32+00:00\",\"dateModified\":\"2025-07-30T15:28:53+00:00\",\"breadcrumb\":{\"@id\":\"https:\\\/\\\/citadel-music-festival.de\\\/accessibility#breadcrumb\"},\"inLanguage\":\"en-GB\",\"potentialAction\":[{\"@type\":\"ReadAction\",\"target\":[\"https:\\\/\\\/citadel-music-festival.de\\\/accessibility\"]}]},{\"@type\":\"BreadcrumbList\",\"@id\":\"https:\\\/\\\/citadel-music-festival.de\\\/accessibility#breadcrumb\",\"itemListElement\":[{\"@type\":\"ListItem\",\"position\":1,\"name\":\"Startseite\",\"item\":\"https:\\\/\\\/citadel-music-festival.de\\\/\"},{\"@type\":\"ListItem\",\"position\":2,\"name\":\"Barrierefreiheit\"}]},{\"@type\":\"WebSite\",\"@id\":\"https:\\\/\\\/citadel-music-festival.de\\\/#website\",\"url\":\"https:\\\/\\\/citadel-music-festival.de\\\/\",\"name\":\"Citadel Music Festival\",\"description\":\"Das Berliner Sommer Open Air auf der Zitadelle Spandau\",\"publisher\":{\"@id\":\"https:\\\/\\\/citadel-music-festival.de\\\/#organization\"},\"potentialAction\":[{\"@type\":\"SearchAction\",\"target\":{\"@type\":\"EntryPoint\",\"urlTemplate\":\"https:\\\/\\\/citadel-music-festival.de\\\/?s={search_term_string}\"},\"query-input\":{\"@type\":\"PropertyValueSpecification\",\"valueRequired\":true,\"valueName\":\"search_term_string\"}}],\"inLanguage\":\"en-GB\"},{\"@type\":\"Organization\",\"@id\":\"https:\\\/\\\/citadel-music-festival.de\\\/#organization\",\"name\":\"Citadel Music Festival\",\"url\":\"https:\\\/\\\/citadel-music-festival.de\\\/\",\"logo\":{\"@type\":\"ImageObject\",\"inLanguage\":\"en-GB\",\"@id\":\"https:\\\/\\\/citadel-music-festival.de\\\/#\\\/schema\\\/logo\\\/image\\\/\",\"url\":\"https:\\\/\\\/citadel-music-festival.de\\\/wp-content\\\/uploads\\\/2023\\\/03\\\/cmf-logo.svg\",\"contentUrl\":\"https:\\\/\\\/citadel-music-festival.de\\\/wp-content\\\/uploads\\\/2023\\\/03\\\/cmf-logo.svg\",\"width\":520,\"height\":266,\"caption\":\"Citadel Music Festival\"},\"image\":{\"@id\":\"https:\\\/\\\/citadel-music-festival.de\\\/#\\\/schema\\\/logo\\\/image\\\/\"},\"sameAs\":[\"https:\\\/\\\/www.facebook.com\\\/citadelmusicfestival\\\/\",\"https:\\\/\\\/x.com\\\/citadelmusic\",\"https:\\\/\\\/instagram.com\\\/citadelmusicfestival\"]}]}<\/script>\n<!-- \/ Yoast SEO plugin. -->","yoast_head_json":{"title":"Barrierefreiheit - Citadel Music Festival","robots":{"index":"index","follow":"follow","max-snippet":"max-snippet:-1","max-image-preview":"max-image-preview:large","max-video-preview":"max-video-preview:-1"},"canonical":"https:\/\/citadel-music-festival.de\/en\/accessibility\/","og_locale":"en_GB","og_type":"article","og_title":"Barrierefreiheit - Citadel Music Festival","og_description":"Themen\u00fcbersicht: Damit m\u00f6glichst viele Menschen die Konzerte des Citadel Music Festival genie\u00dfen k\u00f6nnen, m\u00f6chten wir das Festivalgel\u00e4nde barriere\u00e4rmer gestalten. Gemeinsam mit Fachleuten und unter Einbeziehung von Konzertbesucher*innen mit Behinderungen arbeiten wir daran, unser Angebot Schritt f\u00fcr Schritt zu verbessern. Bitte beachten Sie: Die Zitadelle Spandau ist ein denkmalgesch\u00fctztes Geb\u00e4ude und Gel\u00e4nde, weshalb bauliche Ver\u00e4nderungen zur ... Read more","og_url":"https:\/\/citadel-music-festival.de\/en\/accessibility\/","og_site_name":"Citadel Music Festival","article_publisher":"https:\/\/www.facebook.com\/citadelmusicfestival\/","article_modified_time":"2025-07-30T15:28:53+00:00","og_image":[{"width":1920,"height":1080,"url":"https:\/\/citadel-music-festival.de\/wp-content\/uploads\/2023\/03\/hero.jpg","type":"image\/jpeg"}],"twitter_card":"summary_large_image","twitter_site":"@citadelmusic","twitter_misc":{"Estimated reading time":"6 minutes"},"schema":{"@context":"https:\/\/schema.org","@graph":[{"@type":"WebPage","@id":"https:\/\/citadel-music-festival.de\/accessibility","url":"https:\/\/citadel-music-festival.de\/accessibility","name":"Barrierefreiheit - Citadel Music Festival","isPartOf":{"@id":"https:\/\/citadel-music-festival.de\/#website"},"datePublished":"2025-06-18T11:20:32+00:00","dateModified":"2025-07-30T15:28:53+00:00","breadcrumb":{"@id":"https:\/\/citadel-music-festival.de\/accessibility#breadcrumb"},"inLanguage":"en-GB","potentialAction":[{"@type":"ReadAction","target":["https:\/\/citadel-music-festival.de\/accessibility"]}]},{"@type":"BreadcrumbList","@id":"https:\/\/citadel-music-festival.de\/accessibility#breadcrumb","itemListElement":[{"@type":"ListItem","position":1,"name":"Startseite","item":"https:\/\/citadel-music-festival.de\/"},{"@type":"ListItem","position":2,"name":"Barrierefreiheit"}]},{"@type":"WebSite","@id":"https:\/\/citadel-music-festival.de\/#website","url":"https:\/\/citadel-music-festival.de\/","name":"Citadel Music Festival","description":"Das Berliner Sommer Open Air auf der Zitadelle Spandau","publisher":{"@id":"https:\/\/citadel-music-festival.de\/#organization"},"potentialAction":[{"@type":"SearchAction","target":{"@type":"EntryPoint","urlTemplate":"https:\/\/citadel-music-festival.de\/?s={search_term_string}"},"query-input":{"@type":"PropertyValueSpecification","valueRequired":true,"valueName":"search_term_string"}}],"inLanguage":"en-GB"},{"@type":"Organization","@id":"https:\/\/citadel-music-festival.de\/#organization","name":"Citadel Music Festival","url":"https:\/\/citadel-music-festival.de\/","logo":{"@type":"ImageObject","inLanguage":"en-GB","@id":"https:\/\/citadel-music-festival.de\/#\/schema\/logo\/image\/","url":"https:\/\/citadel-music-festival.de\/wp-content\/uploads\/2023\/03\/cmf-logo.svg","contentUrl":"https:\/\/citadel-music-festival.de\/wp-content\/uploads\/2023\/03\/cmf-logo.svg","width":520,"height":266,"caption":"Citadel Music Festival"},"image":{"@id":"https:\/\/citadel-music-festival.de\/#\/schema\/logo\/image\/"},"sameAs":["https:\/\/www.facebook.com\/citadelmusicfestival\/","https:\/\/x.com\/citadelmusic","https:\/\/instagram.com\/citadelmusicfestival"]}]}},"_links":{"self":[{"href":"https:\/\/citadel-music-festival.de\/en\/wp-json\/wp\/v2\/pages\/6505","targetHints":{"allow":["GET"]}}],"collection":[{"href":"https:\/\/citadel-music-festival.de\/en\/wp-json\/wp\/v2\/pages"}],"about":[{"href":"https:\/\/citadel-music-festival.de\/en\/wp-json\/wp\/v2\/types\/page"}],"author":[{"embeddable":true,"href":"https:\/\/citadel-music-festival.de\/en\/wp-json\/wp\/v2\/users\/4"}],"replies":[{"embeddable":true,"href":"https:\/\/citadel-music-festival.de\/en\/wp-json\/wp\/v2\/comments?post=6505"}],"version-history":[{"count":59,"href":"https:\/\/citadel-music-festival.de\/en\/wp-json\/wp\/v2\/pages\/6505\/revisions"}],"predecessor-version":[{"id":6618,"href":"https:\/\/citadel-music-festival.de\/en\/wp-json\/wp\/v2\/pages\/6505\/revisions\/6618"}],"wp:attachment":[{"href":"https:\/\/citadel-music-festival.de\/en\/wp-json\/wp\/v2\/media?parent=6505"}],"curies":[{"name":"wp","href":"https:\/\/api.w.org\/{rel}","templated":true}]}}